


{"id":202,"date":"2020-05-08T10:55:01","date_gmt":"2020-05-08T08:55:01","guid":{"rendered":"https:\/\/web.spetsa.se\/?page_id=202"},"modified":"2020-05-10T14:26:45","modified_gmt":"2020-05-10T12:26:45","slug":"tack","status":"publish","type":"page","link":"https:\/\/web.spetsa.se\/eng\/tack\/","title":{"rendered":"Tack f\u00f6r din best\u00e4llning!"},"content":{"rendered":"<div style=\"height:100px\" aria-hidden=\"true\" class=\"wp-block-spacer\"><\/div>\n\n\n\n<p class=\"has-text-align-center\">Du kommer inom kort f\u00e5 ett mail med orderbekr\u00e4ftelse. <\/p>\n\n\n\n<p class=\"has-text-align-center\">Har du redan ett inlogg kommer du kunna se ditt k\u00f6p samt eventuella nedladdningsbara filer p\u00e5 &#8221;Mitt konto&#8221;. Har du inte ett inlogg kommer inloggningsuppgifter skickas till mailadressen du angav i faktureringsuppgifterna. Kolla g\u00e4rna din skr\u00e4ppost om du inte f\u00e5tt ett mail inom n\u00e5gra minuter. <\/p>\n\n\n\n<div style=\"height:100px\" aria-hidden=\"true\" class=\"wp-block-spacer\"><\/div>","protected":false},"excerpt":{"rendered":"<p>Du kommer inom kort f\u00e5 ett mail med orderbekr\u00e4ftelse. Har  [&#8230;]<\/p>\n","protected":false},"author":1,"featured_media":0,"parent":0,"menu_order":0,"comment_status":"closed","ping_status":"closed","template":"","meta":{"_price":"","_stock":"","_tribe_ticket_header":"","_tribe_default_ticket_provider":"","_tribe_ticket_capacity":"0","_ticket_start_date":"","_ticket_end_date":"","_tribe_ticket_show_description":"","_tribe_ticket_show_not_going":false,"_tribe_ticket_use_global_stock":"","_tribe_ticket_global_stock_level":"","_global_stock_mode":"","_global_stock_cap":"","_tribe_rsvp_for_event":"","_tribe_ticket_going_count":"","_tribe_ticket_not_going_count":"","_tribe_tickets_list":"[]","_tribe_ticket_has_attendee_info_fields":false,"footnotes":""},"class_list":["post-202","page","type-page","status-publish","hentry"],"jetpack_sharing_enabled":true,"_links":{"self":[{"href":"https:\/\/web.spetsa.se\/eng\/wp-json\/wp\/v2\/pages\/202","targetHints":{"allow":["GET"]}}],"collection":[{"href":"https:\/\/web.spetsa.se\/eng\/wp-json\/wp\/v2\/pages"}],"about":[{"href":"https:\/\/web.spetsa.se\/eng\/wp-json\/wp\/v2\/types\/page"}],"author":[{"embeddable":true,"href":"https:\/\/web.spetsa.se\/eng\/wp-json\/wp\/v2\/users\/1"}],"replies":[{"embeddable":true,"href":"https:\/\/web.spetsa.se\/eng\/wp-json\/wp\/v2\/comments?post=202"}],"version-history":[{"count":4,"href":"https:\/\/web.spetsa.se\/eng\/wp-json\/wp\/v2\/pages\/202\/revisions"}],"predecessor-version":[{"id":209,"href":"https:\/\/web.spetsa.se\/eng\/wp-json\/wp\/v2\/pages\/202\/revisions\/209"}],"wp:attachment":[{"href":"https:\/\/web.spetsa.se\/eng\/wp-json\/wp\/v2\/media?parent=202"}],"curies":[{"name":"wp","href":"https:\/\/api.w.org\/{rel}","templated":true}]}}