


{"id":536,"date":"2020-07-02T16:20:28","date_gmt":"2020-07-02T14:20:28","guid":{"rendered":"https:\/\/web.spetsa.se\/?page_id=536"},"modified":"2026-04-10T14:46:41","modified_gmt":"2026-04-10T12:46:41","slug":"intressentlista","status":"publish","type":"page","link":"https:\/\/web.spetsa.se\/eng\/intressentlista\/","title":{"rendered":"Kursintressentlista"},"content":{"rendered":"<div class=\"fusion-fullwidth fullwidth-box fusion-builder-row-1 fusion-flex-container nonhundred-percent-fullwidth non-hundred-percent-height-scrolling\" style=\"--awb-border-radius-top-left:0px;--awb-border-radius-top-right:0px;--awb-border-radius-bottom-right:0px;--awb-border-radius-bottom-left:0px;--awb-padding-right:3%;--awb-padding-left:3%;--awb-margin-top:7%;--awb-margin-bottom:2%;--awb-flex-wrap:wrap;\" ><div class=\"fusion-builder-row fusion-row fusion-flex-align-items-flex-start fusion-flex-content-wrap\" style=\"max-width:104%;margin-left: calc(-4% \/ 2 );margin-right: calc(-4% \/ 2 );\"><div class=\"fusion-layout-column fusion_builder_column fusion-builder-column-0 fusion_builder_column_1_1 1_1 fusion-flex-column\" style=\"--awb-bg-blend:overlay;--awb-bg-size:cover;--awb-width-large:100%;--awb-margin-top-large:0px;--awb-spacing-right-large:1.92%;--awb-margin-bottom-large:0px;--awb-spacing-left-large:1.92%;--awb-width-medium:100%;--awb-spacing-right-medium:1.92%;--awb-spacing-left-medium:1.92%;--awb-width-small:100%;--awb-spacing-right-small:1.92%;--awb-spacing-left-small:1.92%;\"><div class=\"fusion-column-wrapper fusion-flex-justify-content-flex-start fusion-content-layout-column\"><div class=\"fusion-text fusion-text-1\"><\/p>\n<h3 class=\"wp-block-heading\">Vill du finnas med p\u00e5 v\u00e5r intressentlista och f\u00e5 utskick om kommande tillf\u00e4llen inom bed\u00f6mning av arbetsf\u00f6rm\u00e5ga?<\/h3>\n<\/p>\n<p>N\u00e4r du g\u00f6r det s\u00e5 godk\u00e4nner du ocks\u00e5 att du finns i v\u00e5r databas enligt EU:s dataskyddsf\u00f6rordning \u00a0General Data Protection Regulation (GDPR) som g\u00e4ller from maj 2018. GDPR reglerar h\u00e5rdare krav p\u00e5 hantering av personuppgifter.<\/p>\n<\/p>\n<p>Om du inte vill vara med kan du n\u00e4r som helst avregistrera dig via l\u00e4nk i mailet eller om du kontaktar oss.<\/p>\n<\/p>\n<p>Jag godk\u00e4nner h\u00e4rmed, enligt EU:s nya dataskyddsf\u00f6rordning General Data Protection Regulation (GDPR) att min mailadress f\u00e5r finnas i Spetsas databas och intressentlista f\u00f6r utskick.<\/p>\n<\/p>\n<script>(function() {\n\twindow.mc4wp = window.mc4wp || {\n\t\tlisteners: [],\n\t\tforms: {\n\t\t\ton: function(evt, cb) {\n\t\t\t\twindow.mc4wp.listeners.push(\n\t\t\t\t\t{\n\t\t\t\t\t\tevent   : evt,\n\t\t\t\t\t\tcallback: cb\n\t\t\t\t\t}\n\t\t\t\t);\n\t\t\t}\n\t\t}\n\t}\n})();\n<\/script><!-- Mailchimp for WordPress v4.12.2 - https:\/\/wordpress.org\/plugins\/mailchimp-for-wp\/ --><form id=\"mc4wp-form-1\" class=\"mc4wp-form mc4wp-form-535\" method=\"post\" data-id=\"535\" data-name=\"Kursintressentlista\" action=\"\" ><div class=\"mc4wp-form-fields\"><p>\n\t<label>E-postadress: \n\t\t<input type=\"email\" name=\"EMAIL\" placeholder=\"Din e-postadress\" required \/>\n<\/label>\n<\/p>\n\n<p>\n\t<input type=\"submit\" value=\"Registrera\" \/>\n<\/p><\/div><label style=\"display: none !important;\">Leave this field empty if you're human: <input type=\"text\" name=\"_mc4wp_honeypot\" value=\"\" tabindex=\"-1\" autocomplete=\"off\" \/><\/label><input type=\"hidden\" name=\"_mc4wp_timestamp\" value=\"1777801717\" \/><input type=\"hidden\" name=\"_mc4wp_form_id\" value=\"535\" \/><input type=\"hidden\" name=\"_mc4wp_form_element_id\" value=\"mc4wp-form-1\" \/><div class=\"mc4wp-response\"><\/div><input type=\"hidden\" name=\"trp-form-language\" value=\"eng\"\/><\/form><!-- \/ Mailchimp for WordPress Plugin -->\n<\/div><\/div><\/div><\/div><\/div>","protected":false},"excerpt":{"rendered":"","protected":false},"author":1,"featured_media":0,"parent":0,"menu_order":0,"comment_status":"closed","ping_status":"closed","template":"100-width.php","meta":{"_price":"","_stock":"","_tribe_ticket_header":"","_tribe_default_ticket_provider":"","_tribe_ticket_capacity":"0","_ticket_start_date":"","_ticket_end_date":"","_tribe_ticket_show_description":"","_tribe_ticket_show_not_going":false,"_tribe_ticket_use_global_stock":"","_tribe_ticket_global_stock_level":"","_global_stock_mode":"","_global_stock_cap":"","_tribe_rsvp_for_event":"","_tribe_ticket_going_count":"","_tribe_ticket_not_going_count":"","_tribe_tickets_list":"[]","_tribe_ticket_has_attendee_info_fields":false,"footnotes":""},"class_list":["post-536","page","type-page","status-publish","hentry"],"jetpack_sharing_enabled":true,"_links":{"self":[{"href":"https:\/\/web.spetsa.se\/eng\/wp-json\/wp\/v2\/pages\/536","targetHints":{"allow":["GET"]}}],"collection":[{"href":"https:\/\/web.spetsa.se\/eng\/wp-json\/wp\/v2\/pages"}],"about":[{"href":"https:\/\/web.spetsa.se\/eng\/wp-json\/wp\/v2\/types\/page"}],"author":[{"embeddable":true,"href":"https:\/\/web.spetsa.se\/eng\/wp-json\/wp\/v2\/users\/1"}],"replies":[{"embeddable":true,"href":"https:\/\/web.spetsa.se\/eng\/wp-json\/wp\/v2\/comments?post=536"}],"version-history":[{"count":8,"href":"https:\/\/web.spetsa.se\/eng\/wp-json\/wp\/v2\/pages\/536\/revisions"}],"predecessor-version":[{"id":5358,"href":"https:\/\/web.spetsa.se\/eng\/wp-json\/wp\/v2\/pages\/536\/revisions\/5358"}],"wp:attachment":[{"href":"https:\/\/web.spetsa.se\/eng\/wp-json\/wp\/v2\/media?parent=536"}],"curies":[{"name":"wp","href":"https:\/\/api.w.org\/{rel}","templated":true}]}}