


{"id":3889,"date":"2024-09-24T13:33:11","date_gmt":"2024-09-24T11:33:11","guid":{"rendered":"https:\/\/web.spetsa.se\/product\/biljett-kurs-i-bedomning-av-arbetsformaga-3-4-12\/"},"modified":"2024-11-26T09:35:30","modified_gmt":"2024-11-26T08:35:30","slug":"biljett-kurs-i-bedomning-av-arbetsformaga-3-4-12","status":"publish","type":"product","link":"https:\/\/web.spetsa.se\/eng\/product\/biljett-kurs-i-bedomning-av-arbetsformaga-3-4-12\/","title":{"rendered":"Biljett kurs i bed\u00f6mning av arbetsf\u00f6rm\u00e5ga 2-3\/12"},"content":{"rendered":"","protected":false},"excerpt":{"rendered":"","protected":false},"featured_media":0,"template":"","meta":{"_price":"16000","_stock":"12","_tribe_ticket_header":"","_tribe_default_ticket_provider":"","_tribe_ticket_capacity":"43","_ticket_start_date":"2024-09-24 00:00:00","_ticket_end_date":"2024-11-27 00:00:00","_tribe_ticket_show_description":"no","_tribe_ticket_show_not_going":false,"_tribe_ticket_use_global_stock":"","_tribe_ticket_global_stock_level":"","_global_stock_mode":"own","_global_stock_cap":"","_tribe_rsvp_for_event":"","_tribe_ticket_going_count":"","_tribe_ticket_not_going_count":"","_tribe_tickets_list":"[]","_tribe_ticket_has_attendee_info_fields":false,"_tec_slr_enabled":"","_tec_slr_layout":""},"product_brand":[],"product_cat":[],"product_tag":[],"class_list":{"0":"post-3889","1":"product","2":"type-product","3":"status-publish","6":"first","7":"instock","8":"virtual","9":"taxable","10":"purchasable","11":"product-type-simple"},"jetpack_sharing_enabled":true,"_links":{"self":[{"href":"https:\/\/web.spetsa.se\/eng\/wp-json\/wp\/v2\/product\/3889","targetHints":{"allow":["GET"]}}],"collection":[{"href":"https:\/\/web.spetsa.se\/eng\/wp-json\/wp\/v2\/product"}],"about":[{"href":"https:\/\/web.spetsa.se\/eng\/wp-json\/wp\/v2\/types\/product"}],"wp:attachment":[{"href":"https:\/\/web.spetsa.se\/eng\/wp-json\/wp\/v2\/media?parent=3889"}],"wp:term":[{"taxonomy":"product_brand","embeddable":true,"href":"https:\/\/web.spetsa.se\/eng\/wp-json\/wp\/v2\/product_brand?post=3889"},{"taxonomy":"product_cat","embeddable":true,"href":"https:\/\/web.spetsa.se\/eng\/wp-json\/wp\/v2\/product_cat?post=3889"},{"taxonomy":"product_tag","embeddable":true,"href":"https:\/\/web.spetsa.se\/eng\/wp-json\/wp\/v2\/product_tag?post=3889"}],"curies":[{"name":"wp","href":"https:\/\/api.w.org\/{rel}","templated":true}]}}