


{"id":56,"date":"2020-03-31T09:41:21","date_gmt":"2020-03-31T07:41:21","guid":{"rendered":"https:\/\/web.spetsa.se\/?post_type=product&#038;p=56"},"modified":"2026-02-06T08:15:42","modified_gmt":"2026-02-06T07:15:42","slug":"awc-assessment-of-work-characteristics","status":"publish","type":"product","link":"https:\/\/web.spetsa.se\/eng\/product\/awc-assessment-of-work-characteristics\/","title":{"rendered":"AWC &#8211; Assessment of Work Characteristics"},"content":{"rendered":"<p class=\"uk-accordion-title uk-active\"><span style=\"font-family: NonBreakingSpaceOverride, 'Hoefler Text', Garamond, 'Times New Roman', serif; letter-spacing: normal; font-size: 21px;\">Vid en bed\u00f6mning av arbetsf\u00f6rm\u00e5ga \u00e4r det \u00e4ven viktigt f\u00f6r bed\u00f6maren att bilda sig en uppfattning om vilka krav som st\u00e4lls p\u00e5 personen i arbetssituationen f\u00f6r att kunna dra n\u00e5gra slutsatser om klientens prestation, det vill s\u00e4ga bed\u00f6maren b\u00f6r vid en bed\u00f6mning \u00e4ven genomf\u00f6ra en arbetskravsanalys. En s\u00e5dan analys \u00e4r m\u00f6jlig att g\u00f6ra med bed\u00f6mningsinstrumentet AWC, som syftar till att bed\u00f6ma vilka krav p\u00e5 olika arbetsf\u00e4rdigheter som st\u00e4lls p\u00e5 klienten i olika arbetssituationer. P\u00e5 nedanst\u00e5ende l\u00e4nk finns mer information om AWC.<\/span><\/p>","protected":false},"excerpt":{"rendered":"<p>Vid en bed\u00f6mning av arbetsf\u00f6rm\u00e5ga \u00e4r det \u00e4ven viktigt f\u00f6r  [&#8230;]<\/p>\n","protected":false},"featured_media":296,"template":"","meta":{"_price":"1400","_stock":"","_tribe_ticket_header":"","_tribe_default_ticket_provider":"","_tribe_ticket_capacity":"33","_ticket_start_date":"","_ticket_end_date":"","_tribe_ticket_show_description":"","_tribe_ticket_show_not_going":false,"_tribe_ticket_use_global_stock":"","_tribe_ticket_global_stock_level":"","_global_stock_mode":"","_global_stock_cap":"","_tribe_rsvp_for_event":"","_tribe_ticket_going_count":"","_tribe_ticket_not_going_count":"","_tribe_tickets_list":"[]","_tribe_ticket_has_attendee_info_fields":false,"_tec_slr_enabled":"","_tec_slr_layout":""},"product_brand":[],"product_cat":[18],"product_tag":[],"class_list":{"0":"post-56","1":"product","2":"type-product","3":"status-publish","4":"has-post-thumbnail","6":"product_cat-wa","8":"first","9":"instock","10":"downloadable","11":"virtual","12":"taxable","13":"purchasable","14":"product-type-subscription"},"jetpack_sharing_enabled":true,"_links":{"self":[{"href":"https:\/\/web.spetsa.se\/eng\/wp-json\/wp\/v2\/product\/56","targetHints":{"allow":["GET"]}}],"collection":[{"href":"https:\/\/web.spetsa.se\/eng\/wp-json\/wp\/v2\/product"}],"about":[{"href":"https:\/\/web.spetsa.se\/eng\/wp-json\/wp\/v2\/types\/product"}],"wp:featuredmedia":[{"embeddable":true,"href":"https:\/\/web.spetsa.se\/eng\/wp-json\/wp\/v2\/media\/296"}],"wp:attachment":[{"href":"https:\/\/web.spetsa.se\/eng\/wp-json\/wp\/v2\/media?parent=56"}],"wp:term":[{"taxonomy":"product_brand","embeddable":true,"href":"https:\/\/web.spetsa.se\/eng\/wp-json\/wp\/v2\/product_brand?post=56"},{"taxonomy":"product_cat","embeddable":true,"href":"https:\/\/web.spetsa.se\/eng\/wp-json\/wp\/v2\/product_cat?post=56"},{"taxonomy":"product_tag","embeddable":true,"href":"https:\/\/web.spetsa.se\/eng\/wp-json\/wp\/v2\/product_tag?post=56"}],"curies":[{"name":"wp","href":"https:\/\/api.w.org\/{rel}","templated":true}]}}