


{"id":62,"date":"2020-04-16T08:58:57","date_gmt":"2020-04-16T06:58:57","guid":{"rendered":"https:\/\/web.spetsa.se\/?post_type=product&#038;p=62"},"modified":"2026-02-06T08:16:25","modified_gmt":"2026-02-06T07:16:25","slug":"awp-assessment-of-work-performance","status":"publish","type":"product","link":"https:\/\/web.spetsa.se\/eng\/product\/awp-assessment-of-work-performance\/","title":{"rendered":"AWP &#8211; Assessment of Work Performance"},"content":{"rendered":"<p class=\"uk-accordion-title uk-active\"><span style=\"font-family: NonBreakingSpaceOverride, 'Hoefler Text', Garamond, 'Times New Roman', serif; letter-spacing: normal; font-size: 21px;\">Med bed\u00f6mningsinstrumentet AWP \u00e4r det m\u00f6jligt att g\u00f6ra en aktivitetsbaserad bed\u00f6mning av klienters arbetsf\u00f6rm\u00e5ga i olika arbetsuppgifter i s\u00e5v\u00e4l reella som konstruerade milj\u00f6er.<\/span><\/p>","protected":false},"excerpt":{"rendered":"<p>Med bed\u00f6mningsinstrumentet AWP \u00e4r det m\u00f6jligt att g\u00f6ra en aktivitetsbaserad  [&#8230;]<\/p>\n","protected":false},"featured_media":296,"template":"","meta":{"_price":"1400","_stock":"","_tribe_ticket_header":"","_tribe_default_ticket_provider":"","_tribe_ticket_capacity":"54","_ticket_start_date":"","_ticket_end_date":"","_tribe_ticket_show_description":"","_tribe_ticket_show_not_going":false,"_tribe_ticket_use_global_stock":"","_tribe_ticket_global_stock_level":"","_global_stock_mode":"","_global_stock_cap":"","_tribe_rsvp_for_event":"","_tribe_ticket_going_count":"","_tribe_ticket_not_going_count":"","_tribe_tickets_list":"[]","_tribe_ticket_has_attendee_info_fields":false,"_tec_slr_enabled":"","_tec_slr_layout":""},"product_brand":[],"product_cat":[18],"product_tag":[],"class_list":{"0":"post-62","1":"product","2":"type-product","3":"status-publish","4":"has-post-thumbnail","6":"product_cat-wa","8":"first","9":"instock","10":"downloadable","11":"virtual","12":"taxable","13":"purchasable","14":"product-type-subscription"},"jetpack_sharing_enabled":true,"_links":{"self":[{"href":"https:\/\/web.spetsa.se\/eng\/wp-json\/wp\/v2\/product\/62","targetHints":{"allow":["GET"]}}],"collection":[{"href":"https:\/\/web.spetsa.se\/eng\/wp-json\/wp\/v2\/product"}],"about":[{"href":"https:\/\/web.spetsa.se\/eng\/wp-json\/wp\/v2\/types\/product"}],"wp:featuredmedia":[{"embeddable":true,"href":"https:\/\/web.spetsa.se\/eng\/wp-json\/wp\/v2\/media\/296"}],"wp:attachment":[{"href":"https:\/\/web.spetsa.se\/eng\/wp-json\/wp\/v2\/media?parent=62"}],"wp:term":[{"taxonomy":"product_brand","embeddable":true,"href":"https:\/\/web.spetsa.se\/eng\/wp-json\/wp\/v2\/product_brand?post=62"},{"taxonomy":"product_cat","embeddable":true,"href":"https:\/\/web.spetsa.se\/eng\/wp-json\/wp\/v2\/product_cat?post=62"},{"taxonomy":"product_tag","embeddable":true,"href":"https:\/\/web.spetsa.se\/eng\/wp-json\/wp\/v2\/product_tag?post=62"}],"curies":[{"name":"wp","href":"https:\/\/api.w.org\/{rel}","templated":true}]}}