


{"id":63,"date":"2020-04-16T09:00:14","date_gmt":"2020-04-16T07:00:14","guid":{"rendered":"https:\/\/web.spetsa.se\/?post_type=product&#038;p=63"},"modified":"2026-02-06T08:17:11","modified_gmt":"2026-02-06T07:17:11","slug":"weis-work-role-interview","status":"publish","type":"product","link":"https:\/\/web.spetsa.se\/eng\/product\/weis-work-role-interview\/","title":{"rendered":"WRI &#8211; Worker Role Interview"},"content":{"rendered":"<p class=\"uk-accordion-title uk-active\"><span style=\"font-family: NonBreakingSpaceOverride, 'Hoefler Text', Garamond, 'Times New Roman', serif; letter-spacing: normal; font-size: 21px;\">WRI \u00e4r ett intervjuinstrument utvecklat f\u00f6r att bed\u00f6ma hur en persons motivation, dagliga vanor och rutiner, och den omgivande sociala milj\u00f6n p\u00e5verkar personens arbetspotential. P\u00e5 nedanst\u00e5ende l\u00e4nk finns mer information om WRI.<\/span><\/p>","protected":false},"excerpt":{"rendered":"<p>WRI \u00e4r ett intervjuinstrument utvecklat f\u00f6r att bed\u00f6ma hur en  [&#8230;]<\/p>\n","protected":false},"featured_media":296,"template":"","meta":{"_price":"1400","_stock":"","_tribe_ticket_header":"","_tribe_default_ticket_provider":"","_tribe_ticket_capacity":"17","_ticket_start_date":"","_ticket_end_date":"","_tribe_ticket_show_description":"","_tribe_ticket_show_not_going":false,"_tribe_ticket_use_global_stock":"","_tribe_ticket_global_stock_level":"","_global_stock_mode":"","_global_stock_cap":"","_tribe_rsvp_for_event":"","_tribe_ticket_going_count":"","_tribe_ticket_not_going_count":"","_tribe_tickets_list":"[]","_tribe_ticket_has_attendee_info_fields":false,"_tec_slr_enabled":"","_tec_slr_layout":""},"product_brand":[],"product_cat":[18],"product_tag":[],"class_list":{"0":"post-63","1":"product","2":"type-product","3":"status-publish","4":"has-post-thumbnail","6":"product_cat-wa","8":"first","9":"instock","10":"downloadable","11":"virtual","12":"taxable","13":"purchasable","14":"product-type-subscription"},"jetpack_sharing_enabled":true,"_links":{"self":[{"href":"https:\/\/web.spetsa.se\/eng\/wp-json\/wp\/v2\/product\/63","targetHints":{"allow":["GET"]}}],"collection":[{"href":"https:\/\/web.spetsa.se\/eng\/wp-json\/wp\/v2\/product"}],"about":[{"href":"https:\/\/web.spetsa.se\/eng\/wp-json\/wp\/v2\/types\/product"}],"wp:featuredmedia":[{"embeddable":true,"href":"https:\/\/web.spetsa.se\/eng\/wp-json\/wp\/v2\/media\/296"}],"wp:attachment":[{"href":"https:\/\/web.spetsa.se\/eng\/wp-json\/wp\/v2\/media?parent=63"}],"wp:term":[{"taxonomy":"product_brand","embeddable":true,"href":"https:\/\/web.spetsa.se\/eng\/wp-json\/wp\/v2\/product_brand?post=63"},{"taxonomy":"product_cat","embeddable":true,"href":"https:\/\/web.spetsa.se\/eng\/wp-json\/wp\/v2\/product_cat?post=63"},{"taxonomy":"product_tag","embeddable":true,"href":"https:\/\/web.spetsa.se\/eng\/wp-json\/wp\/v2\/product_tag?post=63"}],"curies":[{"name":"wp","href":"https:\/\/api.w.org\/{rel}","templated":true}]}}