


{"id":64,"date":"2020-04-16T09:01:45","date_gmt":"2020-04-16T07:01:45","guid":{"rendered":"https:\/\/web.spetsa.se\/?post_type=product&#038;p=64"},"modified":"2026-02-06T08:18:06","modified_gmt":"2026-02-06T07:18:06","slug":"weis-work-environment-impact-scale-2","status":"publish","type":"product","link":"https:\/\/web.spetsa.se\/eng\/product\/weis-work-environment-impact-scale-2\/","title":{"rendered":"WEIS &#8211; Work Environment Impact Scale"},"content":{"rendered":"<p class=\"uk-accordion-title uk-active\"><span style=\"font-family: NonBreakingSpaceOverride, 'Hoefler Text', Garamond, 'Times New Roman', serif; letter-spacing: normal; font-size: 21px;\">WEIS \u00e4r ett intervjuinstrument utvecklat f\u00f6r att utforska samspelet mellan personen och dennes arbetsmilj\u00f6. Vid bed\u00f6mning identifieras personens upplevelse av hindrande och st\u00f6djande arbetsmilj\u00f6faktorer (fysiska som psykosociala) och dess p\u00e5verkan p\u00e5 personens tillfredsst\u00e4llelse och v\u00e4lbefinnande. P\u00e5 nedanst\u00e5ende l\u00e4nk finns mer information om WEIS.<\/span><\/p>","protected":false},"excerpt":{"rendered":"<p>WEIS \u00e4r ett intervjuinstrument utvecklat f\u00f6r att utforska samspelet mellan  [&#8230;]<\/p>\n","protected":false},"featured_media":296,"template":"","meta":{"_price":"1400","_stock":"","_tribe_ticket_header":"","_tribe_default_ticket_provider":"","_tribe_ticket_capacity":"22","_ticket_start_date":"","_ticket_end_date":"","_tribe_ticket_show_description":"","_tribe_ticket_show_not_going":false,"_tribe_ticket_use_global_stock":"","_tribe_ticket_global_stock_level":"","_global_stock_mode":"","_global_stock_cap":"","_tribe_rsvp_for_event":"","_tribe_ticket_going_count":"","_tribe_ticket_not_going_count":"","_tribe_tickets_list":"[]","_tribe_ticket_has_attendee_info_fields":false,"_tec_slr_enabled":"","_tec_slr_layout":""},"product_brand":[],"product_cat":[18],"product_tag":[],"class_list":{"0":"post-64","1":"product","2":"type-product","3":"status-publish","4":"has-post-thumbnail","6":"product_cat-wa","8":"first","9":"instock","10":"downloadable","11":"virtual","12":"taxable","13":"purchasable","14":"product-type-subscription"},"jetpack_sharing_enabled":true,"_links":{"self":[{"href":"https:\/\/web.spetsa.se\/eng\/wp-json\/wp\/v2\/product\/64","targetHints":{"allow":["GET"]}}],"collection":[{"href":"https:\/\/web.spetsa.se\/eng\/wp-json\/wp\/v2\/product"}],"about":[{"href":"https:\/\/web.spetsa.se\/eng\/wp-json\/wp\/v2\/types\/product"}],"wp:featuredmedia":[{"embeddable":true,"href":"https:\/\/web.spetsa.se\/eng\/wp-json\/wp\/v2\/media\/296"}],"wp:attachment":[{"href":"https:\/\/web.spetsa.se\/eng\/wp-json\/wp\/v2\/media?parent=64"}],"wp:term":[{"taxonomy":"product_brand","embeddable":true,"href":"https:\/\/web.spetsa.se\/eng\/wp-json\/wp\/v2\/product_brand?post=64"},{"taxonomy":"product_cat","embeddable":true,"href":"https:\/\/web.spetsa.se\/eng\/wp-json\/wp\/v2\/product_cat?post=64"},{"taxonomy":"product_tag","embeddable":true,"href":"https:\/\/web.spetsa.se\/eng\/wp-json\/wp\/v2\/product_tag?post=64"}],"curies":[{"name":"wp","href":"https:\/\/api.w.org\/{rel}","templated":true}]}}